{"id":817,"date":"2025-03-14T00:40:25","date_gmt":"2025-03-14T00:40:25","guid":{"rendered":"https:\/\/rasaint.com\/rasa-int\/"},"modified":"2025-08-18T09:31:03","modified_gmt":"2025-08-18T09:31:03","slug":"rasa-int","status":"publish","type":"page","link":"https:\/\/rasaint.com\/de\/","title":{"rendered":"RASA Int"},"content":{"rendered":"\t\t<div data-elementor-type=\"wp-page\" data-elementor-id=\"817\" class=\"elementor elementor-817 elementor-69\" data-elementor-post-type=\"page\">\n\t\t\t\t<div class=\"elementor-element elementor-element-68a4920 e-con-full e-flex e-con e-parent\" data-id=\"68a4920\" data-element_type=\"container\" data-e-type=\"container\">\n\t\t\t\t<\/div>\n\t\t<div class=\"elementor-element elementor-element-7d3144c e-flex e-con-boxed e-con e-parent\" data-id=\"7d3144c\" data-element_type=\"container\" data-e-type=\"container\">\n\t\t\t\t\t<div class=\"e-con-inner\">\n\t\t<div class=\"elementor-element elementor-element-342b787 e-con-full e-flex e-con e-child\" data-id=\"342b787\" data-element_type=\"container\" data-e-type=\"container\">\n\t\t\t\t<div class=\"elementor-element elementor-element-740bf77 elementor-view-framed elementor-shape-circle elementor-position-block-start elementor-mobile-position-block-start elementor-widget elementor-widget-icon-box\" data-id=\"740bf77\" data-element_type=\"widget\" data-e-type=\"widget\" data-widget_type=\"icon-box.default\">\n\t\t\t\t<div class=\"elementor-widget-container\">\n\t\t\t\t\t\t\t<div class=\"elementor-icon-box-wrapper\">\n\n\t\t\t\t\t\t<div class=\"elementor-icon-box-icon\">\n\t\t\t\t<span  class=\"elementor-icon\">\n\t\t\t\t<svg xmlns=\"http:\/\/www.w3.org\/2000\/svg\" width=\"48.000000pt\" height=\"48.000000pt\" viewBox=\"0 0 48.000000 48.000000\" preserveAspectRatio=\"xMidYMid meet\"><g transform=\"translate(0.000000,48.000000) scale(0.100000,-0.100000)\" fill=\"#000000\" stroke=\"none\"><path d=\"M167 414 c-4 -4 -7 -22 -7 -41 l0 -33 -51 0 c-43 0 -55 -5 -80 -30 -29 -29 -30 -31 -27 -117 l3 -88 37 -3 c22 -2 38 1 38 7 0 6 -13 11 -30 11 -16 0 -30 5 -30 10 0 6 16 10 35 10 19 0 35 5 35 10 0 6 -16 10 -35 10 -33 0 -35 2 -35 34 0 34 1 35 48 38 l47 3 3 43 c3 34 7 42 23 42 17 0 19 -7 19 -60 0 -33 4 -60 10 -60 6 0 10 40 10 100 l0 100 140 0 140 0 0 -130 c0 -80 -4 -130 -10 -130 -5 0 -19 9 -30 20 -11 11 -29 20 -40 20 -26 0 -60 -34 -60 -60 0 -26 34 -60 60 -60 21 0 60 33 60 50 0 6 9 10 20 10 20 0 20 5 18 148 l-3 147 -151 3 c-82 1 -153 -1 -157 -4z m-67 -129 c0 -34 -1 -35 -40 -35 -46 0 -51 13 -18 47 33 36 58 30 58 -12z m310 -140 c26 -32 -13 -81 -47 -59 -23 14 -28 41 -13 59 16 19 44 19 60 0z\"><\/path><path d=\"M120 160 c-11 -11 -20 -29 -20 -40 0 -26 34 -60 60 -60 21 0 60 33 60 50 0 6 18 10 40 10 22 0 40 5 40 10 0 6 -18 10 -40 10 -27 0 -47 7 -60 20 -11 11 -29 20 -40 20 -11 0 -29 -9 -40 -20z m70 -15 c15 -18 10 -45 -12 -59 -35 -22 -74 27 -48 59 16 19 44 19 60 0z\"><\/path><\/g><\/svg>\t\t\t\t<\/span>\n\t\t\t<\/div>\n\t\t\t\n\t\t\t\t\t\t<div class=\"elementor-icon-box-content\">\n\n\t\t\t\t\t\t\t\t\t<h3 class=\"elementor-icon-box-title\">\n\t\t\t\t\t\t<span  >\n\t\t\t\t\t\t\tKostenloser Versand\t\t\t\t\t\t<\/span>\n\t\t\t\t\t<\/h3>\n\t\t\t\t\n\t\t\t\t\t\t\t\t\t<p class=\"elementor-icon-box-description\">\n\t\t\t\t\t\tbei Bestellungen \u00fcber 1000\u202f\u20ac\t\t\t\t\t<\/p>\n\t\t\t\t\n\t\t\t<\/div>\n\t\t\t\n\t\t<\/div>\n\t\t\t\t\t\t<\/div>\n\t\t\t\t<\/div>\n\t\t\t\t<\/div>\n\t\t<div class=\"elementor-element elementor-element-5b777e0 e-con-full e-flex e-con e-child\" data-id=\"5b777e0\" data-element_type=\"container\" data-e-type=\"container\">\n\t\t\t\t<div class=\"elementor-element elementor-element-39a2488 elementor-view-framed elementor-shape-circle elementor-position-block-start elementor-mobile-position-block-start elementor-widget elementor-widget-icon-box\" data-id=\"39a2488\" data-element_type=\"widget\" data-e-type=\"widget\" data-widget_type=\"icon-box.default\">\n\t\t\t\t<div class=\"elementor-widget-container\">\n\t\t\t\t\t\t\t<div class=\"elementor-icon-box-wrapper\">\n\n\t\t\t\t\t\t<div class=\"elementor-icon-box-icon\">\n\t\t\t\t<span  class=\"elementor-icon\">\n\t\t\t\t<svg xmlns=\"http:\/\/www.w3.org\/2000\/svg\" width=\"48.000000pt\" height=\"48.000000pt\" viewBox=\"0 0 48.000000 48.000000\" preserveAspectRatio=\"xMidYMid meet\"><g transform=\"translate(0.000000,48.000000) scale(0.100000,-0.100000)\" fill=\"#000000\" stroke=\"none\"><path d=\"M202 453 c-5 -10 -12 -29 -15 -43 -4 -14 -33 -49 -67 -78 -81 -71 -97 -105 -92 -194 3 -37 48 -87 100 -110 56 -25 161 -26 219 -3 55 22 103 76 104 118 3 90 -3 104 -92 188 -49 47 -69 73 -69 90 0 14 -5 30 -12 37 -18 18 -66 15 -76 -5z m71 -46 c7 -29 22 -48 61 -78 73 -57 96 -93 96 -152 0 -101 -60 -147 -190 -147 -130 0 -190 46 -190 147 0 59 23 95 97 152 36 29 53 49 58 73 10 45 14 50 38 46 15 -2 24 -14 30 -41z\"><\/path><path d=\"M195 301 c-45 -20 -70 -60 -70 -112 0 -42 5 -53 33 -81 47 -48 117 -48 164 0 28 28 33 39 33 82 0 42 -5 54 -31 81 -33 33 -92 46 -129 30z m94 -25 c67 -35 65 -143 -4 -174 -91 -41 -179 51 -131 137 26 47 84 63 135 37z\"><\/path><path d=\"M230 245 c0 -8 5 -15 10 -15 6 0 10 7 10 15 0 8 -4 15 -10 15 -5 0 -10 -7 -10 -15z\"><\/path><path d=\"M192 229 c2 -7 10 -15 17 -17 8 -3 12 1 9 9 -2 7 -10 15 -17 17 -8 3 -12 -1 -9 -9z\"><\/path><path d=\"M265 229 c-4 -6 -5 -13 -2 -16 7 -7 27 6 27 18 0 12 -17 12 -25 -2z\"><\/path><path d=\"M170 190 c0 -5 9 -10 20 -10 11 0 20 5 20 10 0 6 -9 10 -20 10 -11 0 -20 -4 -20 -10z\"><\/path><path d=\"M275 190 c3 -5 13 -10 21 -10 8 0 14 5 14 10 0 6 -9 10 -21 10 -11 0 -17 -4 -14 -10z\"><\/path><path d=\"M195 159 c-4 -6 -5 -13 -2 -16 7 -7 27 6 27 18 0 12 -17 12 -25 -2z\"><\/path><path d=\"M262 159 c2 -7 10 -15 17 -17 8 -3 12 1 9 9 -2 7 -10 15 -17 17 -8 3 -12 -1 -9 -9z\"><\/path><path d=\"M230 146 c0 -8 5 -18 10 -21 6 -3 10 3 10 14 0 12 -4 21 -10 21 -5 0 -10 -6 -10 -14z\"><\/path><\/g><\/svg>\t\t\t\t<\/span>\n\t\t\t<\/div>\n\t\t\t\n\t\t\t\t\t\t<div class=\"elementor-icon-box-content\">\n\n\t\t\t\t\t\t\t\t\t<h3 class=\"elementor-icon-box-title\">\n\t\t\t\t\t\t<span  >\n\t\t\t\t\t\t\tImmer frisch\t\t\t\t\t\t<\/span>\n\t\t\t\t\t<\/h3>\n\t\t\t\t\n\t\t\t\t\t\t\t\t\t<p class=\"elementor-icon-box-description\">\n\t\t\t\t\t\tgut verpacktes Produkt\t\t\t\t\t<\/p>\n\t\t\t\t\n\t\t\t<\/div>\n\t\t\t\n\t\t<\/div>\n\t\t\t\t\t\t<\/div>\n\t\t\t\t<\/div>\n\t\t\t\t<\/div>\n\t\t<div class=\"elementor-element elementor-element-64d122e e-con-full e-flex e-con e-child\" data-id=\"64d122e\" data-element_type=\"container\" data-e-type=\"container\">\n\t\t\t\t<div class=\"elementor-element elementor-element-c80e726 elementor-view-framed elementor-shape-circle elementor-position-block-start elementor-mobile-position-block-start elementor-widget elementor-widget-icon-box\" data-id=\"c80e726\" data-element_type=\"widget\" data-e-type=\"widget\" data-widget_type=\"icon-box.default\">\n\t\t\t\t<div class=\"elementor-widget-container\">\n\t\t\t\t\t\t\t<div class=\"elementor-icon-box-wrapper\">\n\n\t\t\t\t\t\t<div class=\"elementor-icon-box-icon\">\n\t\t\t\t<span  class=\"elementor-icon\">\n\t\t\t\t<svg xmlns=\"http:\/\/www.w3.org\/2000\/svg\" width=\"48.000000pt\" height=\"48.000000pt\" viewBox=\"0 0 48.000000 48.000000\" preserveAspectRatio=\"xMidYMid meet\"><g transform=\"translate(0.000000,48.000000) scale(0.100000,-0.100000)\" fill=\"#000000\" stroke=\"none\"><path d=\"M204 465 c-10 -8 -26 -15 -35 -15 -26 0 -69 -40 -69 -63 0 -12 -7 -31 -15 -41 -19 -25 -19 -60 0 -80 8 -8 15 -24 15 -35 0 -27 34 -61 61 -61 11 0 27 -7 35 -15 20 -19 68 -19 88 0 8 8 24 15 35 15 27 0 61 34 61 61 0 11 7 27 15 35 19 20 19 55 0 80 -8 10 -15 29 -15 41 0 23 -43 63 -69 63 -9 0 -25 7 -35 15 -11 8 -27 15 -36 15 -9 0 -25 -7 -36 -15z m67 -24 c13 -10 30 -16 37 -13 19 6 52 -27 52 -53 0 -13 7 -28 15 -35 8 -7 15 -21 15 -31 0 -9 -7 -24 -15 -33 -8 -8 -15 -25 -15 -38 0 -31 -18 -48 -51 -48 -15 0 -29 -7 -33 -15 -7 -20 -65 -20 -72 0 -4 8 -18 15 -33 15 -33 0 -51 17 -51 48 0 13 -7 30 -15 38 -19 20 -19 48 0 64 8 7 15 22 15 35 0 26 33 59 52 53 7 -3 24 3 37 13 13 11 27 19 31 19 4 0 18 -8 31 -19z\"><\/path><path d=\"M265 320 l-49 -50 -23 22 c-13 12 -26 18 -30 15 -8 -9 36 -57 52 -57 12 0 115 101 115 113 0 16 -19 4 -65 -43z\"><\/path><path d=\"M41 136 c-41 -70 -40 -80 5 -73 33 6 36 4 50 -29 8 -18 17 -34 19 -34 11 0 76 112 72 123 -2 7 -17 -9 -33 -36 -16 -26 -32 -47 -35 -47 -4 0 -10 12 -13 26 -6 22 -11 25 -36 22 -36 -5 -36 -4 -5 47 27 44 30 55 16 55 -5 0 -23 -24 -40 -54z\"><\/path><path d=\"M390 183 c0 -5 12 -26 25 -48 31 -51 31 -52 -5 -47 -25 3 -30 0 -36 -22 -3 -14 -9 -26 -13 -26 -3 0 -19 21 -35 48 -16 26 -31 42 -33 35 -4 -11 61 -123 72 -123 2 0 11 16 19 34 14 33 17 35 50 29 45 -7 46 3 5 73 -27 47 -50 69 -49 47z\"><\/path><\/g><\/svg>\t\t\t\t<\/span>\n\t\t\t<\/div>\n\t\t\t\n\t\t\t\t\t\t<div class=\"elementor-icon-box-content\">\n\n\t\t\t\t\t\t\t\t\t<h3 class=\"elementor-icon-box-title\">\n\t\t\t\t\t\t<span  >\n\t\t\t\t\t\t\t\u00dcberlegene Qualit\u00e4t\t\t\t\t\t\t<\/span>\n\t\t\t\t\t<\/h3>\n\t\t\t\t\n\t\t\t\t\t\t\t\t\t<p class=\"elementor-icon-box-description\">\n\t\t\t\t\t\tQualit\u00e4tsprodukte\t\t\t\t\t<\/p>\n\t\t\t\t\n\t\t\t<\/div>\n\t\t\t\n\t\t<\/div>\n\t\t\t\t\t\t<\/div>\n\t\t\t\t<\/div>\n\t\t\t\t<\/div>\n\t\t<div class=\"elementor-element elementor-element-0c3ee30 e-con-full e-flex e-con e-child\" data-id=\"0c3ee30\" data-element_type=\"container\" data-e-type=\"container\">\n\t\t\t\t<div class=\"elementor-element elementor-element-e863a6d elementor-view-framed elementor-shape-circle elementor-position-block-start elementor-mobile-position-block-start elementor-widget elementor-widget-icon-box\" data-id=\"e863a6d\" data-element_type=\"widget\" data-e-type=\"widget\" data-widget_type=\"icon-box.default\">\n\t\t\t\t<div class=\"elementor-widget-container\">\n\t\t\t\t\t\t\t<div class=\"elementor-icon-box-wrapper\">\n\n\t\t\t\t\t\t<div class=\"elementor-icon-box-icon\">\n\t\t\t\t<span  class=\"elementor-icon\">\n\t\t\t\t<svg xmlns=\"http:\/\/www.w3.org\/2000\/svg\" width=\"48.000000pt\" height=\"48.000000pt\" viewBox=\"0 0 48.000000 48.000000\" preserveAspectRatio=\"xMidYMid meet\"><g transform=\"translate(0.000000,48.000000) scale(0.100000,-0.100000)\" fill=\"#000000\" stroke=\"none\"><path d=\"M262 461 c-18 -12 -38 -33 -44 -48 -7 -16 -23 -41 -35 -56 -13 -16 -23 -41 -23 -56 0 -38 27 -73 53 -69 19 3 22 10 25 57 2 29 0 61 -4 70 -27 60 72 126 131 87 37 -24 61 -64 46 -79 -15 -15 -14 -120 1 -135 16 -16 -5 -32 -39 -32 -13 0 -23 -4 -23 -10 0 -5 13 -10 29 -10 22 0 37 11 65 44 45 55 48 100 11 140 -14 15 -25 33 -25 40 0 7 -13 25 -29 40 -39 37 -95 44 -139 17z m-42 -161 c0 -27 -4 -50 -8 -50 -29 0 -43 65 -20 88 22 22 28 13 28 -38z m238 12 c3 -32 -11 -62 -29 -62 -5 0 -9 23 -9 51 0 43 3 50 18 47 11 -2 18 -14 20 -36z\"><\/path><path d=\"M287 402 c-17 -18 -23 -42 -11 -42 3 0 14 10 23 22 11 13 24 19 34 15 23 -9 21 -44 -3 -57 -11 -6 -20 -17 -20 -25 0 -21 8 -19 35 11 29 31 32 56 9 78 -21 21 -47 20 -67 -2z\"><\/path><path d=\"M25 275 c-14 -13 -25 -33 -25 -43 0 -49 183 -232 231 -232 20 0 69 42 69 59 0 5 -12 24 -27 41 -21 26 -31 31 -55 26 -23 -4 -34 1 -63 30 -28 28 -34 40 -29 60 5 19 0 32 -22 55 -34 35 -48 36 -79 4z m65 -20 c19 -21 21 -27 10 -40 -11 -14 -6 -24 40 -70 45 -46 55 -52 71 -42 15 9 23 7 44 -13 31 -29 31 -35 0 -56 -23 -15 -27 -15 -59 5 -43 27 -162 152 -171 181 -4 14 -1 28 11 41 22 24 26 24 54 -6z\"><\/path><path d=\"M305 261 c-3 -5 -1 -12 5 -16 12 -7 30 2 30 16 0 12 -27 12 -35 0z\"><\/path><\/g><\/svg>\t\t\t\t<\/span>\n\t\t\t<\/div>\n\t\t\t\n\t\t\t\t\t\t<div class=\"elementor-icon-box-content\">\n\n\t\t\t\t\t\t\t\t\t<h3 class=\"elementor-icon-box-title\">\n\t\t\t\t\t\t<span  >\n\t\t\t\t\t\t\tUnterst\u00fctzung\t\t\t\t\t\t<\/span>\n\t\t\t\t\t<\/h3>\n\t\t\t\t\n\t\t\t\t\t\t\t\t\t<p class=\"elementor-icon-box-description\">\n\t\t\t\t\t\t24\/7 Support\t\t\t\t\t<\/p>\n\t\t\t\t\n\t\t\t<\/div>\n\t\t\t\n\t\t<\/div>\n\t\t\t\t\t\t<\/div>\n\t\t\t\t<\/div>\n\t\t\t\t<\/div>\n\t\t\t\t\t<\/div>\n\t\t\t\t<\/div>\n\t\t<div class=\"elementor-element elementor-element-d73265d e-flex e-con-boxed e-con e-parent\" data-id=\"d73265d\" data-element_type=\"container\" data-e-type=\"container\">\n\t\t\t\t\t<div class=\"e-con-inner\">\n\t\t\t\t<div class=\"elementor-element elementor-element-e6eaf61 elementor-widget elementor-widget-heading\" data-id=\"e6eaf61\" data-element_type=\"widget\" data-e-type=\"widget\" data-widget_type=\"heading.default\">\n\t\t\t\t<div class=\"elementor-widget-container\">\n\t\t\t\t\t<h4 class=\"elementor-heading-title elementor-size-default\">Trockenfr\u00fcchte. Reine Qualit\u00e4t<\/h4>\t\t\t\t<\/div>\n\t\t\t\t<\/div>\n\t\t\t\t<div class=\"elementor-element elementor-element-dad0052 elementor-widget elementor-widget-heading\" data-id=\"dad0052\" data-element_type=\"widget\" data-e-type=\"widget\" data-widget_type=\"heading.default\">\n\t\t\t\t<div class=\"elementor-widget-container\">\n\t\t\t\t\t<h2 class=\"elementor-heading-title elementor-size-default\"> Unsere Export-Auswahl<\/h2>\t\t\t\t<\/div>\n\t\t\t\t<\/div>\n\t\t\t\t<div class=\"elementor-element elementor-element-07c77eb elementor-widget elementor-widget-heading\" data-id=\"07c77eb\" data-element_type=\"widget\" data-e-type=\"widget\" data-widget_type=\"heading.default\">\n\t\t\t\t<div class=\"elementor-widget-container\">\n\t\t\t\t\t<div class=\"elementor-heading-title elementor-size-default\"> Schlichtheit, Reinheit und Geschmack. Internationaler Versand verf\u00fcgbar.<\/div>\t\t\t\t<\/div>\n\t\t\t\t<\/div>\n\t\t\t\t\t<\/div>\n\t\t\t\t<\/div>\n\t\t<div class=\"elementor-element elementor-element-a489adc e-flex e-con-boxed e-con e-parent\" data-id=\"a489adc\" data-element_type=\"container\" data-e-type=\"container\">\n\t\t\t\t\t<div class=\"e-con-inner\">\n\t\t<a class=\"elementor-element elementor-element-c0e61e0 e-con-full e-flex e-con e-child\" data-id=\"c0e61e0\" data-element_type=\"container\" data-e-type=\"container\" data-settings=\"{&quot;background_background&quot;:&quot;classic&quot;}\" href=\"\/de\/product\/golden-rains\/\">\n\t\t\t\t<div class=\"elementor-element elementor-element-3bbcaa9 elementor-widget elementor-widget-heading\" data-id=\"3bbcaa9\" data-element_type=\"widget\" data-e-type=\"widget\" data-widget_type=\"heading.default\">\n\t\t\t\t<div class=\"elementor-widget-container\">\n\t\t\t\t\t<h3 class=\"elementor-heading-title elementor-size-default\">Rosinen<\/h3>\t\t\t\t<\/div>\n\t\t\t\t<\/div>\n\t\t\t\t<\/a>\n\t\t<a class=\"elementor-element elementor-element-904ca89 e-con-full e-flex e-con e-child\" data-id=\"904ca89\" data-element_type=\"container\" data-e-type=\"container\" data-settings=\"{&quot;background_background&quot;:&quot;classic&quot;}\" href=\"\/de\/product\/dates\/\">\n\t\t\t\t<div class=\"elementor-element elementor-element-9d2b3a9 elementor-widget elementor-widget-heading\" data-id=\"9d2b3a9\" data-element_type=\"widget\" data-e-type=\"widget\" data-widget_type=\"heading.default\">\n\t\t\t\t<div class=\"elementor-widget-container\">\n\t\t\t\t\t<h3 class=\"elementor-heading-title elementor-size-default\">Datteln<\/h3>\t\t\t\t<\/div>\n\t\t\t\t<\/div>\n\t\t\t\t<\/a>\n\t\t<a class=\"elementor-element elementor-element-0017ef4 e-con-full e-flex e-con e-child\" data-id=\"0017ef4\" data-element_type=\"container\" data-e-type=\"container\" data-settings=\"{&quot;background_background&quot;:&quot;classic&quot;}\" href=\"\/de\/product\/pistachios\/\">\n\t\t\t\t<div class=\"elementor-element elementor-element-1b2c9fa elementor-widget elementor-widget-heading\" data-id=\"1b2c9fa\" data-element_type=\"widget\" data-e-type=\"widget\" data-widget_type=\"heading.default\">\n\t\t\t\t<div class=\"elementor-widget-container\">\n\t\t\t\t\t<h3 class=\"elementor-heading-title elementor-size-default\">Pistazien<\/h3>\t\t\t\t<\/div>\n\t\t\t\t<\/div>\n\t\t\t\t<\/a>\n\t\t<a class=\"elementor-element elementor-element-bd40e2b e-con-full e-flex e-con e-child\" data-id=\"bd40e2b\" data-element_type=\"container\" data-e-type=\"container\" data-settings=\"{&quot;background_background&quot;:&quot;classic&quot;}\" href=\"\/de\/product\/barberries\/\">\n\t\t\t\t<div class=\"elementor-element elementor-element-e93f372 elementor-widget elementor-widget-heading\" data-id=\"e93f372\" data-element_type=\"widget\" data-e-type=\"widget\" data-widget_type=\"heading.default\">\n\t\t\t\t<div class=\"elementor-widget-container\">\n\t\t\t\t\t<h3 class=\"elementor-heading-title elementor-size-default\">Berberitzen<\/h3>\t\t\t\t<\/div>\n\t\t\t\t<\/div>\n\t\t\t\t<\/a>\n\t\t<a class=\"elementor-element elementor-element-e7008f3 e-con-full e-flex e-con e-child\" data-id=\"e7008f3\" data-element_type=\"container\" data-e-type=\"container\" data-settings=\"{&quot;background_background&quot;:&quot;classic&quot;}\" href=\"\/de\/product\/figs\/\">\n\t\t\t\t<div class=\"elementor-element elementor-element-d0b2894 elementor-widget elementor-widget-heading\" data-id=\"d0b2894\" data-element_type=\"widget\" data-e-type=\"widget\" data-widget_type=\"heading.default\">\n\t\t\t\t<div class=\"elementor-widget-container\">\n\t\t\t\t\t<h3 class=\"elementor-heading-title elementor-size-default\">Feigen<\/h3>\t\t\t\t<\/div>\n\t\t\t\t<\/div>\n\t\t\t\t<\/a>\n\t\t<a class=\"elementor-element elementor-element-0b31537 e-con-full e-flex e-con e-child\" data-id=\"0b31537\" data-element_type=\"container\" data-e-type=\"container\" data-settings=\"{&quot;background_background&quot;:&quot;classic&quot;}\" href=\"\/de\/product\/saffron\/\">\n\t\t\t\t<div class=\"elementor-element elementor-element-4272575 elementor-widget elementor-widget-heading\" data-id=\"4272575\" data-element_type=\"widget\" data-e-type=\"widget\" data-widget_type=\"heading.default\">\n\t\t\t\t<div class=\"elementor-widget-container\">\n\t\t\t\t\t<h3 class=\"elementor-heading-title elementor-size-default\">Safran<\/h3>\t\t\t\t<\/div>\n\t\t\t\t<\/div>\n\t\t\t\t<\/a>\n\t\t\t\t\t<\/div>\n\t\t\t\t<\/div>\n\t\t<div class=\"elementor-element elementor-element-4f9e000 e-con-full e-flex e-con e-parent\" data-id=\"4f9e000\" data-element_type=\"container\" data-e-type=\"container\" data-settings=\"{&quot;background_background&quot;:&quot;classic&quot;}\">\n\t\t\t\t<div class=\"elementor-element elementor-element-71874b7 elementor-widget-mobile__width-inherit elementor-widget elementor-widget-heading\" data-id=\"71874b7\" data-element_type=\"widget\" data-e-type=\"widget\" data-widget_type=\"heading.default\">\n\t\t\t\t<div class=\"elementor-widget-container\">\n\t\t\t\t\t<h2 class=\"elementor-heading-title elementor-size-default\">Frische und hochwertige Trockenfr\u00fcchte und N\u00fcsse<\/h2>\t\t\t\t<\/div>\n\t\t\t\t<\/div>\n\t\t\t\t<div class=\"elementor-element elementor-element-ce741c7 elementor-widget-mobile__width-inherit elementor-widget elementor-widget-heading\" data-id=\"ce741c7\" data-element_type=\"widget\" data-e-type=\"widget\" data-widget_type=\"heading.default\">\n\t\t\t\t<div class=\"elementor-widget-container\">\n\t\t\t\t\t<span class=\"elementor-heading-title elementor-size-default\">Entdecken Sie die erlesenste Auswahl an frischen und hochwertigen Trockenfr\u00fcchten und N\u00fcssen \u2013 sorgf\u00e4ltig ausgew\u00e4hlt, um au\u00dfergew\u00f6hnlichen Geschmack und h\u00f6chsten N\u00e4hrwert zu gew\u00e4hrleisten. Erleben Sie das Beste der Natur mit RASA INT.<\/span>\t\t\t\t<\/div>\n\t\t\t\t<\/div>\n\t\t\t\t<div class=\"elementor-element elementor-element-8d6ea35 elementor-widget elementor-widget-button\" data-id=\"8d6ea35\" data-element_type=\"widget\" data-e-type=\"widget\" data-widget_type=\"button.default\">\n\t\t\t\t<div class=\"elementor-widget-container\">\n\t\t\t\t\t\t\t\t\t<div class=\"elementor-button-wrapper\">\n\t\t\t\t\t<a class=\"elementor-button elementor-button-link elementor-size-sm\" href=\"\/de\/shop\">\n\t\t\t\t\t\t<span class=\"elementor-button-content-wrapper\">\n\t\t\t\t\t\t\t\t\t<span class=\"elementor-button-text\">Order<\/span>\n\t\t\t\t\t<\/span>\n\t\t\t\t\t<\/a>\n\t\t\t\t<\/div>\n\t\t\t\t\t\t\t\t<\/div>\n\t\t\t\t<\/div>\n\t\t\t\t<\/div>\n\t\t<div class=\"elementor-element elementor-element-848a904 e-flex e-con-boxed e-con e-parent\" data-id=\"848a904\" data-element_type=\"container\" data-e-type=\"container\">\n\t\t\t\t\t<div class=\"e-con-inner\">\n\t\t\t\t<div class=\"elementor-element elementor-element-e5fe273 elementor-widget elementor-widget-heading\" data-id=\"e5fe273\" data-element_type=\"widget\" data-e-type=\"widget\" data-widget_type=\"heading.default\">\n\t\t\t\t<div class=\"elementor-widget-container\">\n\t\t\t\t\t<h4 class=\"elementor-heading-title elementor-size-default\">Ausgew\u00e4hlte Produkte<\/h4>\t\t\t\t<\/div>\n\t\t\t\t<\/div>\n\t\t\t\t<div class=\"elementor-element elementor-element-46689a8 elementor-widget elementor-widget-heading\" data-id=\"46689a8\" data-element_type=\"widget\" data-e-type=\"widget\" data-widget_type=\"heading.default\">\n\t\t\t\t<div class=\"elementor-widget-container\">\n\t\t\t\t\t<h2 class=\"elementor-heading-title elementor-size-default\">Unsere Produkte<\/h2>\t\t\t\t<\/div>\n\t\t\t\t<\/div>\n\t\t\t\t<div class=\"elementor-element elementor-element-8c9c767 elementor-widget elementor-widget-heading\" data-id=\"8c9c767\" data-element_type=\"widget\" data-e-type=\"widget\" data-widget_type=\"heading.default\">\n\t\t\t\t<div class=\"elementor-widget-container\">\n\t\t\t\t\t<div class=\"elementor-heading-title elementor-size-default\">Kaufen Sie Bio-Produkte direkt vom Erzeuge<\/div>\t\t\t\t<\/div>\n\t\t\t\t<\/div>\n\t\t\t\t\t<\/div>\n\t\t\t\t<\/div>\n\t\t<div class=\"elementor-element elementor-element-7f56cac e-flex e-con-boxed e-con e-parent\" data-id=\"7f56cac\" data-element_type=\"container\" data-e-type=\"container\">\n\t\t\t\t\t<div class=\"e-con-inner\">\n\t\t\t\t\t<\/div>\n\t\t\t\t<\/div>\n\t\t<div class=\"elementor-element elementor-element-a8c1b8a e-flex e-con-boxed e-con e-parent\" data-id=\"a8c1b8a\" data-element_type=\"container\" data-e-type=\"container\">\n\t\t\t\t\t<div class=\"e-con-inner\">\n\t\t<div class=\"elementor-element elementor-element-c10fe41 e-con-full e-flex e-con e-child\" data-id=\"c10fe41\" data-element_type=\"container\" data-e-type=\"container\">\n\t\t\t\t<div class=\"elementor-element elementor-element-6e2dcf4 elementor-widget elementor-widget-heading\" data-id=\"6e2dcf4\" data-element_type=\"widget\" data-e-type=\"widget\" data-widget_type=\"heading.default\">\n\t\t\t\t<div class=\"elementor-widget-container\">\n\t\t\t\t\t<h2 class=\"elementor-heading-title elementor-size-default\">Globale Reichweite, nahtlose Logistik<\/h2>\t\t\t\t<\/div>\n\t\t\t\t<\/div>\n\t\t\t\t<\/div>\n\t\t<div class=\"elementor-element elementor-element-bf9d6b7 e-con-full e-flex e-con e-child\" data-id=\"bf9d6b7\" data-element_type=\"container\" data-e-type=\"container\">\n\t\t\t\t<\/div>\n\t\t\t\t\t<\/div>\n\t\t\t\t<\/div>\n\t\t<div class=\"elementor-element elementor-element-b852ca5 e-flex e-con-boxed e-con e-parent\" data-id=\"b852ca5\" data-element_type=\"container\" data-e-type=\"container\" data-settings=\"{&quot;background_background&quot;:&quot;classic&quot;}\">\n\t\t\t\t\t<div class=\"e-con-inner\">\n\t\t\t\t\t<\/div>\n\t\t\t\t<\/div>\n\t\t\t\t<\/div>\n\t\t","protected":false},"excerpt":{"rendered":"<p>Saffron Read More Pistachio Read More Kostenloser Versand bei Bestellungen \u00fcber 1000\u202f\u20ac Immer frisch gut verpacktes Produkt \u00dcberlegene Qualit\u00e4t Qualit\u00e4tsprodukte Unterst\u00fctzung 24\/7 Support Trockenfr\u00fcchte. Reine Qualit\u00e4t Unsere Export-Auswahl Schlichtheit, Reinheit und Geschmack. Internationaler Versand verf\u00fcgbar. Rosinen Datteln Pistazien Berberitzen Feigen Safran Frische und hochwertige Trockenfr\u00fcchte und N\u00fcsse Entdecken Sie die erlesenste Auswahl an frischen und [&hellip;]<\/p>\n","protected":false},"author":1,"featured_media":26803,"parent":0,"menu_order":0,"comment_status":"closed","ping_status":"closed","template":"","meta":{"footnotes":""},"class_list":["post-817","page","type-page","status-publish","has-post-thumbnail","hentry"],"_links":{"self":[{"href":"https:\/\/rasaint.com\/de\/wp-json\/wp\/v2\/pages\/817","targetHints":{"allow":["GET"]}}],"collection":[{"href":"https:\/\/rasaint.com\/de\/wp-json\/wp\/v2\/pages"}],"about":[{"href":"https:\/\/rasaint.com\/de\/wp-json\/wp\/v2\/types\/page"}],"author":[{"embeddable":true,"href":"https:\/\/rasaint.com\/de\/wp-json\/wp\/v2\/users\/1"}],"replies":[{"embeddable":true,"href":"https:\/\/rasaint.com\/de\/wp-json\/wp\/v2\/comments?post=817"}],"version-history":[{"count":0,"href":"https:\/\/rasaint.com\/de\/wp-json\/wp\/v2\/pages\/817\/revisions"}],"wp:featuredmedia":[{"embeddable":true,"href":"https:\/\/rasaint.com\/de\/wp-json\/wp\/v2\/media\/26803"}],"wp:attachment":[{"href":"https:\/\/rasaint.com\/de\/wp-json\/wp\/v2\/media?parent=817"}],"curies":[{"name":"wp","href":"https:\/\/api.w.org\/{rel}","templated":true}]}}