{"id":867,"date":"2025-04-28T13:59:19","date_gmt":"2025-04-28T13:59:19","guid":{"rendered":"https:\/\/rasaint.com\/?post_type=product&#038;p=867"},"modified":"2025-06-12T13:55:05","modified_gmt":"2025-06-12T13:55:05","slug":"safran","status":"publish","type":"product","link":"https:\/\/rasaint.com\/de\/produkt\/safran\/","title":{"rendered":"Safran"},"content":{"rendered":"<h3 data-start=\"117\" data-end=\"183\"><strong data-start=\"121\" data-end=\"183\">Safran \u2013 Das Rote Gold Irans, Rein, Aromatisch und Erlesen<\/strong><\/h3>\n<p data-start=\"185\" data-end=\"595\">Bei <strong data-start=\"189\" data-end=\"211\">RASA International<\/strong> pr\u00e4sentieren wir stolz unseren <strong data-start=\"243\" data-end=\"272\">Premium-Iranischen Safran<\/strong>, der weltweit als der feinste und luxuri\u00f6seste Safran gilt. Von Hand geerntet auf den sonnendurchfluteten Feldern Irans, zeichnet sich unser Safran durch ein intensives Aroma, leuchtend rote F\u00e4den und unvergleichliche Reinheit aus \u2013 die perfekte Wahl f\u00fcr kulinarische Spitzenleistungen, Gesundheit und exklusive Geschenke.<\/p>\n<hr data-start=\"597\" data-end=\"600\" \/>\n<h3 data-start=\"602\" data-end=\"635\"><strong data-start=\"606\" data-end=\"635\">Warum RASA Safran w\u00e4hlen?<\/strong><\/h3>\n<p data-start=\"637\" data-end=\"1150\">\u00a0<strong data-start=\"639\" data-end=\"678\">100 % reiner, handverlesener Safran<\/strong> \u2013 Ohne Zusatzstoffe oder Farbstoffe<br data-start=\"714\" data-end=\"717\" \/>\u00a0<strong data-start=\"719\" data-end=\"739\">H\u00f6chste Qualit\u00e4t<\/strong> \u2013 Tiefrote Narben, hoher Crocin-Gehalt (Farbintensit\u00e4t), Safranal (Aroma) und Picrocrocin (Geschmack)<br data-start=\"841\" data-end=\"844\" \/>\u00a0<strong data-start=\"846\" data-end=\"873\">Reich an Antioxidantien<\/strong> \u2013 Unterst\u00fctzt Stimmung, Ged\u00e4chtnis und allgemeines Wohlbefinden<br data-start=\"937\" data-end=\"940\" \/>\u00a0<strong data-start=\"942\" data-end=\"967\">Vielseitig verwendbar<\/strong> \u2013 Ideal f\u00fcr K\u00fcche, Teeaufg\u00fcsse, Hautpflege und nat\u00fcrliche Heilmittel<br data-start=\"1036\" data-end=\"1039\" \/>\u00a0<strong data-start=\"1041\" data-end=\"1082\">Angebaut in den besten Regionen Irans<\/strong> \u2013 Insbesondere in Chorasan, dem Zentrum des weltweit besten Safrans<\/p>\n<hr data-start=\"1152\" data-end=\"1155\" \/>\n<h3 data-start=\"1157\" data-end=\"1180\"><strong data-start=\"1161\" data-end=\"1180\">Anwendungstipps<\/strong><\/h3>\n<ul data-start=\"1182\" data-end=\"1454\">\n<li data-start=\"1182\" data-end=\"1267\">\n<p data-start=\"1184\" data-end=\"1267\">In warmem Wasser einweichen und f\u00fcr Reisgerichte, Eint\u00f6pfe und Desserts verwenden<\/p>\n<\/li>\n<li data-start=\"1268\" data-end=\"1338\">\n<p data-start=\"1270\" data-end=\"1338\">Als entspannenden und gesundheitsf\u00f6rdernden <strong data-start=\"1314\" data-end=\"1327\">Safrantee<\/strong> genie\u00dfen<\/p>\n<\/li>\n<li data-start=\"1339\" data-end=\"1398\">\n<p data-start=\"1341\" data-end=\"1398\">In <strong data-start=\"1344\" data-end=\"1364\">Sch\u00f6nheitspflege<\/strong> integrieren f\u00fcr strahlende Haut<\/p>\n<\/li>\n<li data-start=\"1399\" data-end=\"1454\">\n<p data-start=\"1401\" data-end=\"1454\">Als luxuri\u00f6se Zutat in der <strong data-start=\"1428\" data-end=\"1444\">Gourmetk\u00fcche<\/strong> einsetzen<\/p>\n<\/li>\n<\/ul>\n<hr data-start=\"1456\" data-end=\"1459\" \/>\n<h3 data-start=\"1461\" data-end=\"1496\"><strong data-start=\"1465\" data-end=\"1496\">Verpackung &amp; Exportoptionen<\/strong><\/h3>\n<p data-start=\"1498\" data-end=\"1729\">Erh\u00e4ltlich in <strong data-start=\"1512\" data-end=\"1549\">hochwertigen Glasbeh\u00e4ltern, Dosen<\/strong> und <strong data-start=\"1554\" data-end=\"1571\">Geschenkboxen<\/strong><br data-start=\"1571\" data-end=\"1574\" \/>(Verf\u00fcgbare Gr\u00f6\u00dfen: 0,5g, 1g, 3g, 5g sowie Gro\u00dfpackungen).<br data-start=\"1632\" data-end=\"1635\" \/><strong data-start=\"1635\" data-end=\"1685\">Individuelles Branding und Verpackungsl\u00f6sungen<\/strong> sind f\u00fcr Gro\u00dfhandelsbestellungen verf\u00fcgbar.<\/p>\n","protected":false},"excerpt":{"rendered":"<ul>\n<li>100 % Reiner Premium-Safran aus dem Iran<\/li>\n<li>Tiefrote F\u00e4den mit intensivem Aroma und Geschmack<\/li>\n<li>Ideal f\u00fcr K\u00fcche, Tee, Sch\u00f6nheitspflege und Wohlbefinden<\/li>\n<li>Erh\u00e4ltlich in Einzelpackungen, Luxussets und Gro\u00dfmengen<\/li>\n<li>Stammt aus den besten Safranfeldern Irans<\/li>\n<\/ul>\n","protected":false},"featured_media":27462,"comment_status":"open","ping_status":"closed","template":"","meta":[],"product_brand":[],"product_cat":[],"product_tag":[],"class_list":{"0":"post-867","1":"product","2":"type-product","3":"status-publish","4":"has-post-thumbnail","7":"first","8":"instock","9":"sale","10":"shipping-taxable","11":"purchasable","12":"product-type-simple"},"_links":{"self":[{"href":"https:\/\/rasaint.com\/de\/wp-json\/wp\/v2\/product\/867","targetHints":{"allow":["GET"]}}],"collection":[{"href":"https:\/\/rasaint.com\/de\/wp-json\/wp\/v2\/product"}],"about":[{"href":"https:\/\/rasaint.com\/de\/wp-json\/wp\/v2\/types\/product"}],"replies":[{"embeddable":true,"href":"https:\/\/rasaint.com\/de\/wp-json\/wp\/v2\/comments?post=867"}],"version-history":[{"count":0,"href":"https:\/\/rasaint.com\/de\/wp-json\/wp\/v2\/product\/867\/revisions"}],"wp:featuredmedia":[{"embeddable":true,"href":"https:\/\/rasaint.com\/de\/wp-json\/wp\/v2\/media\/27462"}],"wp:attachment":[{"href":"https:\/\/rasaint.com\/de\/wp-json\/wp\/v2\/media?parent=867"}],"wp:term":[{"taxonomy":"product_brand","embeddable":true,"href":"https:\/\/rasaint.com\/de\/wp-json\/wp\/v2\/product_brand?post=867"},{"taxonomy":"product_cat","embeddable":true,"href":"https:\/\/rasaint.com\/de\/wp-json\/wp\/v2\/product_cat?post=867"},{"taxonomy":"product_tag","embeddable":true,"href":"https:\/\/rasaint.com\/de\/wp-json\/wp\/v2\/product_tag?post=867"}],"curies":[{"name":"wp","href":"https:\/\/api.w.org\/{rel}","templated":true}]}}