{"id":932,"date":"2025-04-24T07:34:57","date_gmt":"2025-04-24T07:34:57","guid":{"rendered":"https:\/\/rasaint.com\/product\/dried-apricots\/"},"modified":"2025-08-16T18:38:11","modified_gmt":"2025-08-16T18:38:11","slug":"dried-apricots","status":"publish","type":"product","link":"https:\/\/rasaint.com\/de\/produkt\/dried-apricots\/","title":{"rendered":"Getrocknete Aprikosen"},"content":{"rendered":"<h2 class=\"\" data-start=\"186\" data-end=\"248\"><strong data-start=\"192\" data-end=\"248\">Getrocknete Aprikosen \u2013 S\u00fc\u00df, saftig &amp; von Natur aus nahrhaft<\/strong><\/h2>\n<p class=\"\" data-start=\"250\" data-end=\"565\">Bei <strong data-start=\"253\" data-end=\"276\">RASA International<\/strong> bieten wir mit Stolz <strong data-start=\"295\" data-end=\"329\">Premium-Iranische Getrocknete Aprikosen<\/strong> an \u2013 nat\u00fcrlich sonnengetrocknet, zart und aromareich. Geerntet aus hochwertigen Aprikosenplantagen im Iran, sind unsere getrockneten <strong data-start=\"460\" data-end=\"491\">Aprikosen ein gesunder und k\u00f6stlicher Snack<\/strong>, voller N\u00e4hrstoffe und weltweit beliebt bei gesundheitsbewussten Konsumenten.<\/p>\n<h3 class=\"\" data-start=\"567\" data-end=\"610\"><strong data-start=\"574\" data-end=\"610\">Warum RASA Getrocknete Aprikosen w\u00e4hlen?<\/strong><\/h3>\n<ul data-start=\"611\" data-end=\"1008\">\n<li class=\"\" data-start=\"611\" data-end=\"680\">\n<p class=\"\" data-start=\"613\" data-end=\"680\"><strong data-start=\"613\" data-end=\"630\">100\u202f% nat\u00fcrlich: <\/strong>Ohne Zuckerzusatz, Schwefel oder k\u00fcnstliche Zusatzstoffe<\/p>\n<\/li>\n<li class=\"\" data-start=\"681\" data-end=\"756\">\n<p class=\"\" data-start=\"683\" data-end=\"756\"><strong data-start=\"683\" data-end=\"708\">Weiche &amp; saftige Textur:<\/strong> Sanft sonnengetrocknet, um die nat\u00fcrliche Feuchtigkeit zu bewahren<\/p>\n<\/li>\n<li class=\"\" data-start=\"757\" data-end=\"829\">\n<p class=\"\" data-start=\"759\" data-end=\"829\"><strong data-start=\"759\" data-end=\"781\">N\u00e4hrstoffreich:<\/strong> Reich an Vitamin A, Kalium, Eisen und Ballaststoffen<\/p>\n<\/li>\n<li class=\"\" data-start=\"830\" data-end=\"909\">\n<p class=\"\" data-start=\"832\" data-end=\"909\"><strong data-start=\"832\" data-end=\"866\">Unterst\u00fctzt Verdauung &amp; Immunit\u00e4t:<\/strong> F\u00f6rdert auf nat\u00fcrliche Weise die Darmgesundheit und Energie<\/p>\n<\/li>\n<li class=\"\" data-start=\"910\" data-end=\"1008\">\n<p class=\"\" data-start=\"912\" data-end=\"1008\"><strong data-start=\"912\" data-end=\"941\">Authentischer Iranischer Ursprung: <\/strong>Gewonnen aus den fruchtbaren Regionen Irans, die f\u00fcr den Aprikosenanbau bekannt sind<\/p>\n<\/li>\n<\/ul>\n<h3 class=\"\" data-start=\"1010\" data-end=\"1040\"><strong data-start=\"1018\" data-end=\"1040\">Genie\u00dfe es auf deine Weise:<\/strong><\/h3>\n<ul data-start=\"1041\" data-end=\"1227\">\n<li class=\"\" data-start=\"1041\" data-end=\"1081\">\n<p class=\"\" data-start=\"1043\" data-end=\"1081\">Ein gesunder Snack f\u00fcr unterwegs oder im B\u00fcro<\/p>\n<\/li>\n<li class=\"\" data-start=\"1082\" data-end=\"1130\">\n<p class=\"\" data-start=\"1084\" data-end=\"1130\">Zu Haferbrei, M\u00fcsli, Joghurt oder Studentenfutter hinzuf\u00fcgen<\/p>\n<\/li>\n<li class=\"\" data-start=\"1131\" data-end=\"1177\">\n<p class=\"\" data-start=\"1133\" data-end=\"1177\">Use in baking \u2013 breads, cakes, or desserts<\/p>\n<\/li>\n<li class=\"\" data-start=\"1178\" data-end=\"1227\">\n<p class=\"\" data-start=\"1180\" data-end=\"1227\">Perfect for cheese platters or paired with nuts<\/p>\n<\/li>\n<\/ul>\n<p data-start=\"30\" data-end=\"66\"><strong data-start=\"30\" data-end=\"64\">Verpackungs- &amp; Exportoptionen:<\/strong><\/p>\n<p data-start=\"68\" data-end=\"264\">Erh\u00e4ltlich in 200\u202fg- und 500\u202fg-Einzelhandelsverpackungen sowie in Gro\u00dfpackungen (1\u202fkg, 5\u202fkg, 10\u202fkg). F\u00fcr internationale Kunden sind individuelle Verpackungen und Private-Label-Dienste verf\u00fcgbar.<\/p>\n<hr data-start=\"266\" data-end=\"270\" \/>\n<p>&nbsp;<\/p>\n","protected":false},"excerpt":{"rendered":"<ul>\n<li data-start=\"52\" data-end=\"123\">100\u202f% nat\u00fcrliche, sonnengetrocknete Aprikosen \u2013 ohne Zusatzstoffe<\/li>\n<li data-start=\"125\" data-end=\"162\">Weich, saftig und von Natur aus s\u00fc\u00df<\/li>\n<li data-start=\"164\" data-end=\"208\">Reich an Vitamin\u202fA, Ballaststoffen &amp; Eisen<\/li>\n<li data-start=\"210\" data-end=\"266\">Perfekt zum Snacken, Backen oder f\u00fcr Fr\u00fchst\u00fccksschalen<\/li>\n<li data-start=\"268\" data-end=\"334\">Erh\u00e4ltlich in Gro\u00df- und Einzelhandelsverpackungen f\u00fcr den Export<\/li>\n<\/ul>\n","protected":false},"featured_media":26821,"comment_status":"open","ping_status":"closed","template":"","meta":[],"product_brand":[],"product_cat":[37,36],"product_tag":[],"class_list":{"0":"post-932","1":"product","2":"type-product","3":"status-publish","4":"has-post-thumbnail","6":"product_cat-bioprodukte","7":"product_cat-getrocknete-fruechte","9":"first","10":"instock","11":"sale","12":"shipping-taxable","13":"purchasable","14":"product-type-simple"},"_links":{"self":[{"href":"https:\/\/rasaint.com\/de\/wp-json\/wp\/v2\/product\/932","targetHints":{"allow":["GET"]}}],"collection":[{"href":"https:\/\/rasaint.com\/de\/wp-json\/wp\/v2\/product"}],"about":[{"href":"https:\/\/rasaint.com\/de\/wp-json\/wp\/v2\/types\/product"}],"replies":[{"embeddable":true,"href":"https:\/\/rasaint.com\/de\/wp-json\/wp\/v2\/comments?post=932"}],"version-history":[{"count":0,"href":"https:\/\/rasaint.com\/de\/wp-json\/wp\/v2\/product\/932\/revisions"}],"wp:featuredmedia":[{"embeddable":true,"href":"https:\/\/rasaint.com\/de\/wp-json\/wp\/v2\/media\/26821"}],"wp:attachment":[{"href":"https:\/\/rasaint.com\/de\/wp-json\/wp\/v2\/media?parent=932"}],"wp:term":[{"taxonomy":"product_brand","embeddable":true,"href":"https:\/\/rasaint.com\/de\/wp-json\/wp\/v2\/product_brand?post=932"},{"taxonomy":"product_cat","embeddable":true,"href":"https:\/\/rasaint.com\/de\/wp-json\/wp\/v2\/product_cat?post=932"},{"taxonomy":"product_tag","embeddable":true,"href":"https:\/\/rasaint.com\/de\/wp-json\/wp\/v2\/product_tag?post=932"}],"curies":[{"name":"wp","href":"https:\/\/api.w.org\/{rel}","templated":true}]}}